{"id":12,"date":"2015-06-19T13:36:13","date_gmt":"2015-06-19T13:36:13","guid":{"rendered":"http:\/\/mauro-serpelloni.unibs.it\/?page_id=12"},"modified":"2023-05-05T22:41:24","modified_gmt":"2023-05-05T20:41:24","slug":"lectures","status":"publish","type":"page","link":"https:\/\/mauro-serpelloni.unibs.it\/index.php\/lectures\/","title":{"rendered":"Lectures"},"content":{"rendered":"<p>L&#8217;orario di ricevimento \u00e8 fissato il gioved\u00ec mattina dalle 8.30 alle 12.30 previo appuntamento per email. L&#8217;ufficio \u00e8 sito all&#8217;interno del dipartimento di ingegneria dell&#8217;informazione, oppure mi potete trovare nel laboratorio di elettronica avanzata.<\/p>\n<p>Sono qui riportati i collegamenti alla pagine web del corso, per l&#8217;accesso \u00e8 necessaria la password fornita durante il corso.<\/p>\n<p><strong>LABORATORIO DI ELETTRONICA E STRUMENTAZIONE<\/strong><\/p>\n<p>Laboratorio di meccatronica<\/p>\n<p>SCOPO: obiettivo del moulo \u00e8 trattare i dispositivi e i sistemi per l&#8217;automazione industriale e il controllo di processo. I sistemi concentrati e distribuiti:<br \/>\nsensori e attuatori per l&#8217;industria.<\/p>\n<p><strong>SENSORI DI PARAMETRI BIOMECCANICI<\/strong><\/p>\n<p>Ingegneria della disabilit\u00e0<\/p>\n<p>SCOPO: fornire agli allievi le conoscenze fondamentali per la comprensione del funzionamento e le modalit\u00e0 di utilizzo dei sensori che possono essere<br \/>\nutilizzati per l&#8217;acquisizione di grandezze fisiche d&#8217;interesse nel settore della bioingegneria e in particolare in quello della biomeccanica<\/p>\n<p><strong>SENSORI E TRASDUTTORI<\/strong><\/p>\n<p>Sensori<\/p>\n<p>SCOPO: il corso tratta le problematiche relative alla misura di grandezze fisiche mediante sensori. In particolare vengono illustrati i principi di funzionamento dei sensori, il loro modello fisico, le cartteristiche metrologiche, nonch\u00e8 le principali tecnologie realizzative.<\/p>\n<p><strong>SENSORS FOR BIOSIGNALS<\/strong><\/p>\n<p>Biomechatronics<\/p>\n<p>GOAL: Provide students with the fundamental knowledge for understanding the functioning and how to use sensors that can be used for the acquisition of physical quantities of interest in the field of bioengineering, and in particular in biomechanics.<\/p>\n","protected":false},"excerpt":{"rendered":"<p>L&#8217;orario di ricevimento \u00e8 fissato il gioved\u00ec mattina dalle 8.30 alle 12.30 previo appuntamento per email. L&#8217;ufficio \u00e8 sito all&#8217;interno del dipartimento di ingegneria dell&#8217;informazione, oppure mi potete trovare nel laboratorio di elettronica avanzata. Sono qui riportati i collegamenti alla pagine web del corso, per l&#8217;accesso \u00e8 necessaria la password fornita durante il corso. LABORATORIO [&hellip;]<\/p>\n","protected":false},"author":1,"featured_media":0,"parent":0,"menu_order":3,"comment_status":"closed","ping_status":"closed","template":"","meta":{"footnotes":""},"class_list":["post-12","page","type-page","status-publish","hentry"],"_links":{"self":[{"href":"https:\/\/mauro-serpelloni.unibs.it\/index.php\/wp-json\/wp\/v2\/pages\/12","targetHints":{"allow":["GET"]}}],"collection":[{"href":"https:\/\/mauro-serpelloni.unibs.it\/index.php\/wp-json\/wp\/v2\/pages"}],"about":[{"href":"https:\/\/mauro-serpelloni.unibs.it\/index.php\/wp-json\/wp\/v2\/types\/page"}],"author":[{"embeddable":true,"href":"https:\/\/mauro-serpelloni.unibs.it\/index.php\/wp-json\/wp\/v2\/users\/1"}],"replies":[{"embeddable":true,"href":"https:\/\/mauro-serpelloni.unibs.it\/index.php\/wp-json\/wp\/v2\/comments?post=12"}],"version-history":[{"count":3,"href":"https:\/\/mauro-serpelloni.unibs.it\/index.php\/wp-json\/wp\/v2\/pages\/12\/revisions"}],"predecessor-version":[{"id":556,"href":"https:\/\/mauro-serpelloni.unibs.it\/index.php\/wp-json\/wp\/v2\/pages\/12\/revisions\/556"}],"wp:attachment":[{"href":"https:\/\/mauro-serpelloni.unibs.it\/index.php\/wp-json\/wp\/v2\/media?parent=12"}],"curies":[{"name":"wp","href":"https:\/\/api.w.org\/{rel}","templated":true}]}}